{"id":6,"date":"2019-02-27T15:08:13","date_gmt":"2019-02-27T14:08:13","guid":{"rendered":"https:\/\/primeproperties.lu\/?page_id=6"},"modified":"2023-04-11T18:38:14","modified_gmt":"2023-04-11T16:38:14","slug":"your-real-estate-investment","status":"publish","type":"page","link":"https:\/\/primeproperties.lu\/en\/","title":{"rendered":"Home"},"content":{"rendered":"","protected":false},"excerpt":{"rendered":"","protected":false},"author":3,"featured_media":591,"parent":0,"menu_order":0,"comment_status":"closed","ping_status":"closed","template":"template-acceuil.php","meta":{"_acf_changed":false,"footnotes":""},"class_list":["post-6","page","type-page","status-publish","has-post-thumbnail","hentry"],"acf":[],"yoast_head":"<!-- This site is optimized with the Yoast SEO plugin v25.7 - https:\/\/yoast.com\/wordpress\/plugins\/seo\/ -->\n<title>Home - Prime Properties<\/title>\n<meta name=\"description\" content=\"Prime Properties est un fonds d&#039;investissement immobilier actif dans plusieurs pays europ\u00e9ens et en Suisse et bas\u00e9 au Grand-Duch\u00e9 du Luxembourg. La strat\u00e9gie de Prime Properties repose sur l&#039;investissement direct dans des actifs immobiliers principalement r\u00e9sidentiels cibl\u00e9s sur l&#039;ensemble du cycle de vie (logement \u00e9tudiant, r\u00e9sidentiel, maisons de repos et de soins,...) en vue d&#039;obtenir un rendement attractif.Prime Properties est un fonds d&#039;investissement ind\u00e9pendant.\" \/>\n<meta name=\"robots\" content=\"index, follow, max-snippet:-1, max-image-preview:large, max-video-preview:-1\" \/>\n<link rel=\"canonical\" href=\"https:\/\/primeproperties.lu\/en\/\" \/>\n<meta property=\"og:locale\" content=\"en_US\" \/>\n<meta property=\"og:type\" content=\"article\" \/>\n<meta property=\"og:title\" content=\"Home - Prime Properties\" \/>\n<meta property=\"og:description\" content=\"Prime Properties est un fonds d&#039;investissement immobilier actif dans plusieurs pays europ\u00e9ens et en Suisse et bas\u00e9 au Grand-Duch\u00e9 du Luxembourg. La strat\u00e9gie de Prime Properties repose sur l&#039;investissement direct dans des actifs immobiliers principalement r\u00e9sidentiels cibl\u00e9s sur l&#039;ensemble du cycle de vie (logement \u00e9tudiant, r\u00e9sidentiel, maisons de repos et de soins,...) en vue d&#039;obtenir un rendement attractif.Prime Properties est un fonds d&#039;investissement ind\u00e9pendant.\" \/>\n<meta property=\"og:url\" content=\"https:\/\/primeproperties.lu\/en\/\" \/>\n<meta property=\"og:site_name\" content=\"Prime Properties\" \/>\n<meta property=\"article:modified_time\" content=\"2023-04-11T16:38:14+00:00\" \/>\n<meta property=\"og:image\" content=\"https:\/\/primeproperties.lu\/wp-content\/uploads\/2022\/10\/IMG-1914-scaled.jpg\" \/>\n\t<meta property=\"og:image:width\" content=\"2560\" \/>\n\t<meta property=\"og:image:height\" content=\"1440\" \/>\n\t<meta property=\"og:image:type\" content=\"image\/jpeg\" \/>\n<meta name=\"twitter:card\" content=\"summary_large_image\" \/>\n<script type=\"application\/ld+json\" class=\"yoast-schema-graph\">{\"@context\":\"https:\/\/schema.org\",\"@graph\":[{\"@type\":\"WebPage\",\"@id\":\"https:\/\/primeproperties.lu\/en\/\",\"url\":\"https:\/\/primeproperties.lu\/en\/\",\"name\":\"Home - Prime Properties\",\"isPartOf\":{\"@id\":\"https:\/\/primeproperties.lu\/en\/#website\"},\"primaryImageOfPage\":{\"@id\":\"https:\/\/primeproperties.lu\/en\/#primaryimage\"},\"image\":{\"@id\":\"https:\/\/primeproperties.lu\/#primaryimage\"},\"thumbnailUrl\":\"https:\/\/primeproperties.lu\/wp-content\/uploads\/2022\/10\/IMG-1914-scaled.jpg\",\"datePublished\":\"2019-02-27T14:08:13+00:00\",\"dateModified\":\"2023-04-11T16:38:14+00:00\",\"description\":\"Prime Properties est un fonds d'investissement immobilier actif dans plusieurs pays europ\u00e9ens et en Suisse et bas\u00e9 au Grand-Duch\u00e9 du Luxembourg. La strat\u00e9gie de Prime Properties repose sur l'investissement direct dans des actifs immobiliers principalement r\u00e9sidentiels cibl\u00e9s sur l'ensemble du cycle de vie (logement \u00e9tudiant, r\u00e9sidentiel, maisons de repos et de soins,...) en vue d'obtenir un rendement attractif.Prime Properties est un fonds d'investissement ind\u00e9pendant.\",\"breadcrumb\":{\"@id\":\"https:\/\/primeproperties.lu\/en\/#breadcrumb\"},\"inLanguage\":\"en-US\",\"potentialAction\":[{\"@type\":\"ReadAction\",\"target\":[[\"https:\/\/primeproperties.lu\/en\/\"]]}]},{\"@type\":\"ImageObject\",\"inLanguage\":\"en-US\",\"@id\":\"https:\/\/primeproperties.lu\/en\/#primaryimage\",\"url\":\"https:\/\/primeproperties.lu\/wp-content\/uploads\/2022\/10\/IMG-1914-scaled.jpg\",\"contentUrl\":\"https:\/\/primeproperties.lu\/wp-content\/uploads\/2022\/10\/IMG-1914-scaled.jpg\",\"width\":2560,\"height\":1440},{\"@type\":\"BreadcrumbList\",\"@id\":\"https:\/\/primeproperties.lu\/en\/#breadcrumb\",\"itemListElement\":[{\"@type\":\"ListItem\",\"position\":1,\"name\":\"Accueil\",\"item\":\"https:\/\/primeproperties.lu\/en\/\"},{\"@type\":\"ListItem\",\"position\":2,\"name\":\"Accueil\"}]},{\"@type\":\"WebSite\",\"@id\":\"https:\/\/primeproperties.lu\/en\/#website\",\"url\":\"https:\/\/primeproperties.lu\/en\/\",\"name\":\"Prime Properties\",\"description\":\"Un site utilisant WordPress\",\"publisher\":{\"@id\":\"https:\/\/primeproperties.lu\/en\/#organization\"},\"potentialAction\":[{\"@type\":\"SearchAction\",\"target\":{\"@type\":\"EntryPoint\",\"urlTemplate\":\"https:\/\/primeproperties.lu\/en\/?s={search_term_string}\"},\"query-input\":{\"@type\":\"PropertyValueSpecification\",\"valueRequired\":true,\"valueName\":\"search_term_string\"}}],\"inLanguage\":\"en-US\"},{\"@type\":\"Organization\",\"@id\":\"https:\/\/primeproperties.lu\/en\/#organization\",\"name\":\"Prime Properties\",\"url\":\"https:\/\/primeproperties.lu\/en\/\",\"logo\":{\"@type\":\"ImageObject\",\"inLanguage\":\"en-US\",\"@id\":\"https:\/\/primeproperties.lu\/en\/#\/schema\/logo\/image\/\",\"url\":\"https:\/\/primeproperties.lu\/wp-content\/uploads\/2021\/03\/PrimeProperties_logo-couleurs.jpg\",\"contentUrl\":\"https:\/\/primeproperties.lu\/wp-content\/uploads\/2021\/03\/PrimeProperties_logo-couleurs.jpg\",\"width\":551,\"height\":306,\"caption\":\"Prime Properties\"},\"image\":{\"@id\":\"https:\/\/primeproperties.lu\/en\/#\/schema\/logo\/image\/\"},\"sameAs\":[\"https:\/\/www.linkedin.com\/company\/prime-properties-luxembourg\"]}]}<\/script>\n<!-- \/ Yoast SEO plugin. -->","yoast_head_json":{"title":"Home - Prime Properties","description":"Prime Properties est un fonds d'investissement immobilier actif dans plusieurs pays europ\u00e9ens et en Suisse et bas\u00e9 au Grand-Duch\u00e9 du Luxembourg. La strat\u00e9gie de Prime Properties repose sur l'investissement direct dans des actifs immobiliers principalement r\u00e9sidentiels cibl\u00e9s sur l'ensemble du cycle de vie (logement \u00e9tudiant, r\u00e9sidentiel, maisons de repos et de soins,...) en vue d'obtenir un rendement attractif.Prime Properties est un fonds d'investissement ind\u00e9pendant.","robots":{"index":"index","follow":"follow","max-snippet":"max-snippet:-1","max-image-preview":"max-image-preview:large","max-video-preview":"max-video-preview:-1"},"canonical":"https:\/\/primeproperties.lu\/en\/","og_locale":"en_US","og_type":"article","og_title":"Home - Prime Properties","og_description":"Prime Properties est un fonds d'investissement immobilier actif dans plusieurs pays europ\u00e9ens et en Suisse et bas\u00e9 au Grand-Duch\u00e9 du Luxembourg. La strat\u00e9gie de Prime Properties repose sur l'investissement direct dans des actifs immobiliers principalement r\u00e9sidentiels cibl\u00e9s sur l'ensemble du cycle de vie (logement \u00e9tudiant, r\u00e9sidentiel, maisons de repos et de soins,...) en vue d'obtenir un rendement attractif.Prime Properties est un fonds d'investissement ind\u00e9pendant.","og_url":"https:\/\/primeproperties.lu\/en\/","og_site_name":"Prime Properties","article_modified_time":"2023-04-11T16:38:14+00:00","og_image":[{"width":2560,"height":1440,"url":"https:\/\/primeproperties.lu\/wp-content\/uploads\/2022\/10\/IMG-1914-scaled.jpg","type":"image\/jpeg"}],"twitter_card":"summary_large_image","schema":{"@context":"https:\/\/schema.org","@graph":[{"@type":"WebPage","@id":"https:\/\/primeproperties.lu\/en\/","url":"https:\/\/primeproperties.lu\/en\/","name":"Home - Prime Properties","isPartOf":{"@id":"https:\/\/primeproperties.lu\/en\/#website"},"primaryImageOfPage":{"@id":"https:\/\/primeproperties.lu\/en\/#primaryimage"},"image":{"@id":"https:\/\/primeproperties.lu\/#primaryimage"},"thumbnailUrl":"https:\/\/primeproperties.lu\/wp-content\/uploads\/2022\/10\/IMG-1914-scaled.jpg","datePublished":"2019-02-27T14:08:13+00:00","dateModified":"2023-04-11T16:38:14+00:00","description":"Prime Properties est un fonds d'investissement immobilier actif dans plusieurs pays europ\u00e9ens et en Suisse et bas\u00e9 au Grand-Duch\u00e9 du Luxembourg. La strat\u00e9gie de Prime Properties repose sur l'investissement direct dans des actifs immobiliers principalement r\u00e9sidentiels cibl\u00e9s sur l'ensemble du cycle de vie (logement \u00e9tudiant, r\u00e9sidentiel, maisons de repos et de soins,...) en vue d'obtenir un rendement attractif.Prime Properties est un fonds d'investissement ind\u00e9pendant.","breadcrumb":{"@id":"https:\/\/primeproperties.lu\/en\/#breadcrumb"},"inLanguage":"en-US","potentialAction":[{"@type":"ReadAction","target":[["https:\/\/primeproperties.lu\/en\/"]]}]},{"@type":"ImageObject","inLanguage":"en-US","@id":"https:\/\/primeproperties.lu\/en\/#primaryimage","url":"https:\/\/primeproperties.lu\/wp-content\/uploads\/2022\/10\/IMG-1914-scaled.jpg","contentUrl":"https:\/\/primeproperties.lu\/wp-content\/uploads\/2022\/10\/IMG-1914-scaled.jpg","width":2560,"height":1440},{"@type":"BreadcrumbList","@id":"https:\/\/primeproperties.lu\/en\/#breadcrumb","itemListElement":[{"@type":"ListItem","position":1,"name":"Accueil","item":"https:\/\/primeproperties.lu\/en\/"},{"@type":"ListItem","position":2,"name":"Accueil"}]},{"@type":"WebSite","@id":"https:\/\/primeproperties.lu\/en\/#website","url":"https:\/\/primeproperties.lu\/en\/","name":"Prime Properties","description":"Un site utilisant WordPress","publisher":{"@id":"https:\/\/primeproperties.lu\/en\/#organization"},"potentialAction":[{"@type":"SearchAction","target":{"@type":"EntryPoint","urlTemplate":"https:\/\/primeproperties.lu\/en\/?s={search_term_string}"},"query-input":{"@type":"PropertyValueSpecification","valueRequired":true,"valueName":"search_term_string"}}],"inLanguage":"en-US"},{"@type":"Organization","@id":"https:\/\/primeproperties.lu\/en\/#organization","name":"Prime Properties","url":"https:\/\/primeproperties.lu\/en\/","logo":{"@type":"ImageObject","inLanguage":"en-US","@id":"https:\/\/primeproperties.lu\/en\/#\/schema\/logo\/image\/","url":"https:\/\/primeproperties.lu\/wp-content\/uploads\/2021\/03\/PrimeProperties_logo-couleurs.jpg","contentUrl":"https:\/\/primeproperties.lu\/wp-content\/uploads\/2021\/03\/PrimeProperties_logo-couleurs.jpg","width":551,"height":306,"caption":"Prime Properties"},"image":{"@id":"https:\/\/primeproperties.lu\/en\/#\/schema\/logo\/image\/"},"sameAs":["https:\/\/www.linkedin.com\/company\/prime-properties-luxembourg"]}]}},"_links":{"self":[{"href":"https:\/\/primeproperties.lu\/en\/wp-json\/wp\/v2\/pages\/6","targetHints":{"allow":["GET"]}}],"collection":[{"href":"https:\/\/primeproperties.lu\/en\/wp-json\/wp\/v2\/pages"}],"about":[{"href":"https:\/\/primeproperties.lu\/en\/wp-json\/wp\/v2\/types\/page"}],"author":[{"embeddable":true,"href":"https:\/\/primeproperties.lu\/en\/wp-json\/wp\/v2\/users\/3"}],"replies":[{"embeddable":true,"href":"https:\/\/primeproperties.lu\/en\/wp-json\/wp\/v2\/comments?post=6"}],"version-history":[{"count":42,"href":"https:\/\/primeproperties.lu\/en\/wp-json\/wp\/v2\/pages\/6\/revisions"}],"predecessor-version":[{"id":607,"href":"https:\/\/primeproperties.lu\/en\/wp-json\/wp\/v2\/pages\/6\/revisions\/607"}],"wp:featuredmedia":[{"embeddable":true,"href":"https:\/\/primeproperties.lu\/en\/wp-json\/wp\/v2\/media\/591"}],"wp:attachment":[{"href":"https:\/\/primeproperties.lu\/en\/wp-json\/wp\/v2\/media?parent=6"}],"curies":[{"name":"wp","href":"https:\/\/api.w.org\/{rel}","templated":true}]}}